{"id":19,"date":"2017-02-11T18:46:33","date_gmt":"2017-02-11T18:46:33","guid":{"rendered":"http:\/\/masgassons.org\/?page_id=19"},"modified":"2017-02-12T18:43:33","modified_gmt":"2017-02-12T17:43:33","slug":"junta-de-compensacion","status":"publish","type":"page","link":"https:\/\/masgassons.org\/?page_id=19","title":{"rendered":"La Junta de Compensaci\u00f3n"},"content":{"rendered":"<ul class=\"list-pages-shortcode child-pages\"><li class=\"page_item page-item-43\"><a href=\"https:\/\/masgassons.org\/?page_id=43\">Escritura 20\/9\/1985 cesi\u00f3n parcelas en garant\u00eda obras<\/a><\/li>\n<li class=\"page_item page-item-53\"><a href=\"https:\/\/masgassons.org\/?page_id=53\">Escritura 20\/09\/1985 n\u00ba 901 cesi\u00f3n 10%<\/a><\/li>\n<li class=\"page_item page-item-69\"><a href=\"https:\/\/masgassons.org\/?page_id=69\">DOGC 12\/09\/1986 Aprobaci\u00f3n Proyecto de Urbanizaci\u00f3n<\/a><\/li>\n<li class=\"page_item page-item-71\"><a href=\"https:\/\/masgassons.org\/?page_id=71\">Memoria del plan parcial de ordenaci\u00f3n de la Urbanizaci\u00f3n 1973<\/a><\/li>\n<li class=\"page_item page-item-76\"><a href=\"https:\/\/masgassons.org\/?page_id=76\">Ordenanzas de la edificaci\u00f3n del plan parcial de ordenaci\u00f3n de la Urbanizaci\u00f3n 1973<\/a><\/li>\n<li class=\"page_item page-item-80\"><a href=\"https:\/\/masgassons.org\/?page_id=80\">Acta Asamblea 12 Mayo 1991<\/a><\/li>\n<li class=\"page_item page-item-85\"><a href=\"https:\/\/masgassons.org\/?page_id=85\">Estatutos de la Junta de Compensaci\u00f3n<\/a><\/li>\n<li class=\"page_item page-item-88\"><a href=\"https:\/\/masgassons.org\/?page_id=88\">Bases de actuaci\u00f3n de la Junta de Compensaci\u00f3n<\/a><\/li>\n<li class=\"page_item page-item-96\"><a href=\"https:\/\/masgassons.org\/?page_id=96\">Cesi\u00f3n de parcelas propiedad de Aniceto a la Junta 01\/09\/1993<\/a><\/li>\n<li class=\"page_item page-item-100\"><a href=\"https:\/\/masgassons.org\/?page_id=100\">Certificaci\u00f3n Ayuntamiento referida a los proyectos de 10\/06\/1993<\/a><\/li>\n<li class=\"page_item page-item-104\"><a href=\"https:\/\/masgassons.org\/?page_id=104\">Acta de manifestaciones de 20\/07\/1993<\/a><\/li>\n<li class=\"page_item page-item-106\"><a href=\"https:\/\/masgassons.org\/?page_id=106\">Acta de protocolizaci\u00f3n de 26\/01\/1994<\/a><\/li>\n<li class=\"page_item page-item-110\"><a href=\"https:\/\/masgassons.org\/?page_id=110\">Inscripci\u00f3n registro propiedad escritura 20\/09\/1985 Cesi\u00f3n parcelas en garant\u00eda obras<\/a><\/li>\n<li class=\"page_item page-item-112\"><a href=\"https:\/\/masgassons.org\/?page_id=112\">Inscripci\u00f3n registro propiedad escritura 20\/09\/1985 Cesi\u00f3n parcelas por el 10%<\/a><\/li>\n<li class=\"page_item page-item-115\"><a href=\"https:\/\/masgassons.org\/?page_id=115\">Sentencia TSJC anulando Asambleas y consejo rector<\/a><\/li>\n<\/ul>\n","protected":false},"excerpt":{"rendered":"","protected":false},"author":1,"featured_media":0,"parent":0,"menu_order":10,"comment_status":"closed","ping_status":"closed","template":"","meta":[],"_links":{"self":[{"href":"https:\/\/masgassons.org\/index.php?rest_route=\/wp\/v2\/pages\/19"}],"collection":[{"href":"https:\/\/masgassons.org\/index.php?rest_route=\/wp\/v2\/pages"}],"about":[{"href":"https:\/\/masgassons.org\/index.php?rest_route=\/wp\/v2\/types\/page"}],"author":[{"embeddable":true,"href":"https:\/\/masgassons.org\/index.php?rest_route=\/wp\/v2\/users\/1"}],"replies":[{"embeddable":true,"href":"https:\/\/masgassons.org\/index.php?rest_route=%2Fwp%2Fv2%2Fcomments&post=19"}],"version-history":[{"count":3,"href":"https:\/\/masgassons.org\/index.php?rest_route=\/wp\/v2\/pages\/19\/revisions"}],"predecessor-version":[{"id":122,"href":"https:\/\/masgassons.org\/index.php?rest_route=\/wp\/v2\/pages\/19\/revisions\/122"}],"wp:attachment":[{"href":"https:\/\/masgassons.org\/index.php?rest_route=%2Fwp%2Fv2%2Fmedia&parent=19"}],"curies":[{"name":"wp","href":"https:\/\/api.w.org\/{rel}","templated":true}]}}