{"id":28,"date":"2017-02-11T18:50:40","date_gmt":"2017-02-11T18:50:40","guid":{"rendered":"http:\/\/masgassons.org\/?page_id=28"},"modified":"2018-09-08T15:35:30","modified_gmt":"2018-09-08T14:35:30","slug":"contacto","status":"publish","type":"page","link":"https:\/\/masgassons.org\/?page_id=28","title":{"rendered":"Contacto"},"content":{"rendered":"<div style=\"width: 50%; float: left;\"><strong>Horario apertura al p\u00fablico Local Social:<\/strong><br \/>\nLos tres primeros s\u00e1bados de cada mes de 10:00 a 13:00.<br \/>\nTel\u00e9fono: 617 38 39 26<br \/>\n<strong>Email<\/strong>: <a href=\"mailto:info@masgassons.org\">info@masgassons.org<\/a><strong><div role=\"form\" class=\"wpcf7\" id=\"wpcf7-f18-o1\" lang=\"es-ES\" dir=\"ltr\">\n<div class=\"screen-reader-response\"><p role=\"status\" aria-live=\"polite\" aria-atomic=\"true\"><\/p> <ul><\/ul><\/div>\n<form action=\"\/index.php?rest_route=%2Fwp%2Fv2%2Fpages%2F28#wpcf7-f18-o1\" method=\"post\" class=\"wpcf7-form init\" novalidate=\"novalidate\" data-status=\"init\">\n<div style=\"display: none;\">\n<input type=\"hidden\" name=\"_wpcf7\" value=\"18\" \/>\n<input type=\"hidden\" name=\"_wpcf7_version\" value=\"5.3.2\" \/>\n<input type=\"hidden\" name=\"_wpcf7_locale\" value=\"es_ES\" \/>\n<input type=\"hidden\" name=\"_wpcf7_unit_tag\" value=\"wpcf7-f18-o1\" \/>\n<input type=\"hidden\" name=\"_wpcf7_container_post\" value=\"0\" \/>\n<input type=\"hidden\" name=\"_wpcf7_posted_data_hash\" value=\"\" \/>\n<\/div>\n<p><label> Nombre *<br \/>\n    <span class=\"wpcf7-form-control-wrap your-name\"><input type=\"text\" name=\"your-name\" value=\"\" size=\"40\" class=\"wpcf7-form-control wpcf7-text wpcf7-validates-as-required\" aria-required=\"true\" aria-invalid=\"false\" \/><\/span> <\/label><\/p>\n<p><label> Tu correo electr\u00f3nico *<br \/>\n    <span class=\"wpcf7-form-control-wrap your-email\"><input type=\"email\" name=\"your-email\" value=\"\" size=\"40\" class=\"wpcf7-form-control wpcf7-text wpcf7-email wpcf7-validates-as-required wpcf7-validates-as-email\" aria-required=\"true\" aria-invalid=\"false\" \/><\/span> <\/label><\/p>\n<p><label> Asunto *<br \/>\n    <span class=\"wpcf7-form-control-wrap your-subject\"><input type=\"text\" name=\"your-subject\" value=\"\" size=\"40\" class=\"wpcf7-form-control wpcf7-text wpcf7-validates-as-required\" aria-required=\"true\" aria-invalid=\"false\" \/><\/span> <\/label><\/p>\n<p><label> Mensaje *<br \/>\n    <span class=\"wpcf7-form-control-wrap your-message\"><textarea name=\"your-message\" cols=\"40\" rows=\"10\" class=\"wpcf7-form-control wpcf7-textarea wpcf7-validates-as-required\" aria-required=\"true\" aria-invalid=\"false\"><\/textarea><\/span> <\/label><\/p>\n<p><input type=\"submit\" value=\"Enviar\" class=\"wpcf7-form-control wpcf7-submit\" \/><\/p>\n<p style=\"display: none !important;\"><label>&#916;<textarea name=\"_wpcf7_ak_hp_textarea\" cols=\"45\" rows=\"8\" maxlength=\"100\"><\/textarea><\/label><input type=\"hidden\" id=\"ak_js\" name=\"_wpcf7_ak_js\" value=\"244\"\/><script>document.getElementById( \"ak_js\" ).setAttribute( \"value\", ( new Date() ).getTime() );<\/script><\/p><div class=\"wpcf7-response-output\" aria-hidden=\"true\"><\/div><\/form><\/div> <\/strong><\/div>\n<div style=\"width: 50%; float: left;\">            <script type=\"text\/javascript\">\r\n                jQuery(document).ready(function ($) {\r\n                    var wgm_map = new google.maps.Map(document.getElementById(\"srm_gmp_embed_1\"), {\r\n                        center: new google.maps.LatLng(41.4069444,1.465555600000016),\r\n                        zoom:11,\r\n                        mapTypeId: google.maps.MapTypeId.ROADMAP,\r\n                        scrollwheel: true,\r\n                        zoomControl: true,\r\n                        mapTypeControl: true,\r\n                        streetViewControl: true,\r\n                        fullscreenControl: true,\r\n                        draggable: true,\r\n                        disableDoubleClickZoom: false,\r\n                        panControl: true                    });\r\n                    var wgm_theme_json = '';\r\n                    if (wgm_theme_json.length > 0) {\r\n                        wgm_map.setOptions({styles: JSON.parse(wgm_theme_json)});\r\n                    }\r\n                    \/\/ To view directions form and data\r\n                                        var wgm_data_1 = {\r\n                        'action': 'wpgmapembed_p_get_markers_by_map_id',\r\n                        'data': {\r\n                            map_id: '165',\r\n                            ajax_nonce: 'd93dd5e70f'\r\n                        }\r\n                    };\r\n                    var wgm_ajaxurl_1 = 'https:\/\/masgassons.org\/wp-admin\/admin-ajax.php'\r\n                    jQuery.post(wgm_ajaxurl_1, wgm_data_1, function (response) {\r\n                        response = JSON.parse(response);\r\n                        if (response.markers.length === 1) {\r\n                            var wgm_marker_to_1 = response.markers[0].marker_desc.replace(\/&gt;\/g, '>').replace(\/&lt;\/g, '<');\r\n                            jQuery('#srm_gmap_to_1').val(wgm_marker_to_1.replace(\/(<([^>]+)>)\/gi, \"\"));\r\n                        }\r\n                        var wgm_default_marker_icon_1 = 'https:\/\/maps.gstatic.com\/mapfiles\/api-3\/images\/spotlight-poi2.png';\r\n                        if (response.markers.length > 0) {\r\n                            var custom_markers = [];\r\n                            var custom_marker_infowindows = [];\r\n                            response.markers.forEach(function (wgm_marker, i) {\r\n                                var wgm_marker_lat_lng_1 = wgm_marker.lat_lng.split(',');\r\n                                wgm_custom_marker_1 = new google.maps.Marker({\r\n                                    position: new google.maps.LatLng(wgm_marker_lat_lng_1[0], wgm_marker_lat_lng_1[1]),\r\n                                    title: wgm_marker.marker_name,\r\n                                    animation: google.maps.Animation.DROP,\r\n                                    icon: (wgm_marker.icon === '') ? wgm_default_marker_icon_1 : wgm_marker.icon\r\n                                });\r\n                                custom_markers[i] = wgm_custom_marker_1;\r\n                                wgm_custom_marker_1.setMap(wgm_map);\r\n                                var wgm_marker_name_1 = (wgm_marker.marker_name !== null) ? ('<span class=\"info_content_title\" style=\"font-size:18px;font-weight: bold;font-family: Arial;\">'\r\n                                    + wgm_marker.marker_name +\r\n                                    '<\/span><br\/>') : '';\r\n                                wgm_marker.marker_desc = wgm_marker.marker_desc.replace(\/&gt;\/g, '>').replace(\/&lt;\/g, '<');\r\n                                custom_marker_infowindow = new google.maps.InfoWindow({\r\n                                    content: wgm_marker_name_1 + wgm_marker.marker_desc\r\n                                });\r\n                                custom_marker_infowindows[i] = custom_marker_infowindow;\r\n                                if (wgm_marker.show_desc_by_default === '1') {\r\n                                    custom_marker_infowindow.open({\r\n                                        anchor: wgm_custom_marker_1,\r\n                                        shouldFocus: false\r\n                                    });\r\n                                } else {\r\n                                    google.maps.event.addListener(wgm_custom_marker_1, 'click', function () {\r\n                                        custom_marker_infowindows[i].open({\r\n                                            anchor: custom_markers[i],\r\n                                            shouldFocus: false\r\n                                        });\r\n                                    });\r\n                                }\r\n                                if (wgm_marker.have_marker_link === '1') {\r\n                                    google.maps.event.addListener(wgm_custom_marker_1, 'click', function () {\r\n                                        var wgm_target = '_self';\r\n                                        if (wgm_marker.marker_link_new_tab === '1') {\r\n                                            wgm_target = '_blank';\r\n                                        }\r\n                                        window.open(wgm_marker.marker_link, wgm_target);\r\n                                    });\r\n                                }\r\n                            });\r\n                        }\r\n                    });\r\n                });\r\n\r\n            <\/script>\r\n\r\n            <div id=\"srm_gmp_embed_1\"\r\n                 style=\"width:100% !important;height:300px  !important; \">\r\n            <\/div>\r\n                    <br \/>\n<a href=\"http:\/\/masgassons.org\/wp-content\/uploads\/2017\/02\/como-llegar-cartel2.jpg\"><img loading=\"lazy\" class=\"aligncenter size-full wp-image-148\" src=\"http:\/\/masgassons.org\/wp-content\/uploads\/2017\/02\/como-llegar-cartel2.jpg\" alt=\"\" width=\"1120\" height=\"791\" srcset=\"https:\/\/masgassons.org\/wp-content\/uploads\/2017\/02\/como-llegar-cartel2.jpg 1120w, https:\/\/masgassons.org\/wp-content\/uploads\/2017\/02\/como-llegar-cartel2-300x212.jpg 300w, https:\/\/masgassons.org\/wp-content\/uploads\/2017\/02\/como-llegar-cartel2-768x542.jpg 768w, https:\/\/masgassons.org\/wp-content\/uploads\/2017\/02\/como-llegar-cartel2-1024x723.jpg 1024w, https:\/\/masgassons.org\/wp-content\/uploads\/2017\/02\/como-llegar-cartel2-212x150.jpg 212w, https:\/\/masgassons.org\/wp-content\/uploads\/2017\/02\/como-llegar-cartel2-150x106.jpg 150w\" sizes=\"(max-width: 1120px) 100vw, 1120px\" \/><\/a><\/div>\n<div style=\"clear: both;\"><\/div>\n","protected":false},"excerpt":{"rendered":"<p>Horario apertura al p\u00fablico Local Social: Los tres primeros s\u00e1bados de cada mes de 10:00 a 13:00. Tel\u00e9fono: 617 38 39 26 Email: info@masgass\u2026<\/p>\n<p> <a class=\"continue-reading-link\" href=\"https:\/\/masgassons.org\/?page_id=28\"><span>Leer m\u00e1s<\/span><i class=\"crycon-right-dir\"><\/i><\/a> <\/p>\n","protected":false},"author":1,"featured_media":0,"parent":0,"menu_order":50,"comment_status":"closed","ping_status":"closed","template":"templates\/template-onecolumn.php","meta":[],"_links":{"self":[{"href":"https:\/\/masgassons.org\/index.php?rest_route=\/wp\/v2\/pages\/28"}],"collection":[{"href":"https:\/\/masgassons.org\/index.php?rest_route=\/wp\/v2\/pages"}],"about":[{"href":"https:\/\/masgassons.org\/index.php?rest_route=\/wp\/v2\/types\/page"}],"author":[{"embeddable":true,"href":"https:\/\/masgassons.org\/index.php?rest_route=\/wp\/v2\/users\/1"}],"replies":[{"embeddable":true,"href":"https:\/\/masgassons.org\/index.php?rest_route=%2Fwp%2Fv2%2Fcomments&post=28"}],"version-history":[{"count":25,"href":"https:\/\/masgassons.org\/index.php?rest_route=\/wp\/v2\/pages\/28\/revisions"}],"predecessor-version":[{"id":329,"href":"https:\/\/masgassons.org\/index.php?rest_route=\/wp\/v2\/pages\/28\/revisions\/329"}],"wp:attachment":[{"href":"https:\/\/masgassons.org\/index.php?rest_route=%2Fwp%2Fv2%2Fmedia&parent=28"}],"curies":[{"name":"wp","href":"https:\/\/api.w.org\/{rel}","templated":true}]}}