{"id":76,"date":"2017-02-12T18:13:18","date_gmt":"2017-02-12T17:13:18","guid":{"rendered":"http:\/\/masgassons.org\/?page_id=76"},"modified":"2017-02-12T18:13:18","modified_gmt":"2017-02-12T17:13:18","slug":"ordenanzas-de-la-edificacion-del-plan-parcial-de-ordenacion-de-la-urbanizacion-1973","status":"publish","type":"page","link":"https:\/\/masgassons.org\/?page_id=76","title":{"rendered":"Ordenanzas de la edificaci\u00f3n del plan parcial de ordenaci\u00f3n de la Urbanizaci\u00f3n 1973"},"content":{"rendered":"<a href=\"https:\/\/masgassons.org\/wp-content\/uploads\/2017\/02\/5-ORDENANZAS-DE-LA-EDIFICACION-DEL-PLAN-PARCIAL-DE-ORDENACION-DE-LA-URBANIZACION-1973.pdf\" class=\"pdfemb-viewer\" style=\"\" data-width=\"max\" data-height=\"max\"  data-toolbar=\"both\" data-toolbar-fixed=\"on\">5 ORDENANZAS DE LA EDIFICACION DEL PLAN PARCIAL DE ORDENACION DE LA URBANIZACION 1973<br\/><\/a>\n","protected":false},"excerpt":{"rendered":"","protected":false},"author":1,"featured_media":0,"parent":19,"menu_order":5,"comment_status":"closed","ping_status":"closed","template":"templates\/template-onecolumn.php","meta":[],"_links":{"self":[{"href":"https:\/\/masgassons.org\/index.php?rest_route=\/wp\/v2\/pages\/76"}],"collection":[{"href":"https:\/\/masgassons.org\/index.php?rest_route=\/wp\/v2\/pages"}],"about":[{"href":"https:\/\/masgassons.org\/index.php?rest_route=\/wp\/v2\/types\/page"}],"author":[{"embeddable":true,"href":"https:\/\/masgassons.org\/index.php?rest_route=\/wp\/v2\/users\/1"}],"replies":[{"embeddable":true,"href":"https:\/\/masgassons.org\/index.php?rest_route=%2Fwp%2Fv2%2Fcomments&post=76"}],"version-history":[{"count":1,"href":"https:\/\/masgassons.org\/index.php?rest_route=\/wp\/v2\/pages\/76\/revisions"}],"predecessor-version":[{"id":79,"href":"https:\/\/masgassons.org\/index.php?rest_route=\/wp\/v2\/pages\/76\/revisions\/79"}],"up":[{"embeddable":true,"href":"https:\/\/masgassons.org\/index.php?rest_route=\/wp\/v2\/pages\/19"}],"wp:attachment":[{"href":"https:\/\/masgassons.org\/index.php?rest_route=%2Fwp%2Fv2%2Fmedia&parent=76"}],"curies":[{"name":"wp","href":"https:\/\/api.w.org\/{rel}","templated":true}]}}